{"id":169,"date":"2024-02-05T02:41:56","date_gmt":"2024-02-05T02:41:56","guid":{"rendered":"https:\/\/zymtcnc.com\/?post_type=product&#038;p=169"},"modified":"2025-04-30T07:13:17","modified_gmt":"2025-04-30T07:13:17","slug":"laser-cutting-tube-cutter","status":"publish","type":"product","link":"https:\/\/zymtcnc.com\/fr\/product\/laser-cutting-tube-cutter\/","title":{"rendered":"D\u00e9coupe Laser <br> Coupe-Tube"},"content":{"rendered":"","protected":false},"excerpt":{"rendered":"D\u00e9coupe Laser Sp\u00e9cialis\u00e9e <br>\npour divers tubes et mat\u00e9riaux de profil\nConception innovante pour une coupe de tubes de haute qualit\u00e9. La machine adopte une structure de soudage de haute pr\u00e9cision, combin\u00e9e \u00e0 une technologie laser avanc\u00e9e.","protected":false},"featured_media":8308,"template":"","productcat":[6],"class_list":["post-169","product","type-product","status-publish","has-post-thumbnail","hentry","productcat-laser-cutting"],"yoast_head":"<!-- This site is optimized with the Yoast SEO plugin v27.5 - https:\/\/yoast.com\/product\/yoast-seo-wordpress\/ -->\n<title>Laser Cutting  Tube Cutter - PREF<\/title>\n<meta name=\"robots\" content=\"index, follow, max-snippet:-1, max-image-preview:large, max-video-preview:-1\" \/>\n<link rel=\"canonical\" href=\"https:\/\/zymtcnc.com\/fr\/product\/laser-cutting-tube-cutter\/\" \/>\n<meta property=\"og:locale\" content=\"zh_CN\" \/>\n<meta property=\"og:type\" content=\"article\" \/>\n<meta property=\"og:title\" content=\"Laser Cutting  Tube Cutter - PREF\" \/>\n<meta property=\"og:description\" content=\"D\u00e9coupe Laser Sp\u00e9cialis\u00e9e pour divers tubes et mat\u00e9riaux de profil Conception innovante pour une coupe de tubes de haute qualit\u00e9. La machine adopte une structure de soudage de haute pr\u00e9cision, combin\u00e9e \u00e0 une technologie laser avanc\u00e9e.\" \/>\n<meta property=\"og:url\" content=\"https:\/\/zymtcnc.com\/product\/laser-cutting-tube-cutter\/\" \/>\n<meta property=\"og:site_name\" content=\"PREF\" \/>\n<meta property=\"article:modified_time\" content=\"2025-04-30T07:13:17+00:00\" \/>\n<meta property=\"og:image\" content=\"https:\/\/zymtcnc.com\/wp-content\/uploads\/2024\/02\/DJI_0091\u65b0logo.png\" \/>\n\t<meta property=\"og:image:width\" content=\"750\" \/>\n\t<meta property=\"og:image:height\" content=\"540\" \/>\n\t<meta property=\"og:image:type\" content=\"image\/png\" \/>\n<meta name=\"twitter:card\" content=\"summary_large_image\" \/>\n<meta name=\"twitter:label1\" content=\"\u9884\u8ba1\u9605\u8bfb\u65f6\u95f4\" \/>\n\t<meta name=\"twitter:data1\" content=\"1 \u5206\" \/>\n<script type=\"application\/ld+json\" class=\"yoast-schema-graph\">{\"@context\":\"https:\\\/\\\/schema.org\",\"@graph\":[{\"@type\":\"WebPage\",\"@id\":\"https:\\\/\\\/zymtcnc.com\\\/product\\\/laser-cutting-tube-cutter\\\/\",\"url\":\"https:\\\/\\\/zymtcnc.com\\\/product\\\/laser-cutting-tube-cutter\\\/\",\"name\":\"Laser Cutting Tube Cutter - PREF\",\"isPartOf\":{\"@id\":\"https:\\\/\\\/zymtcnc.com\\\/#website\"},\"primaryImageOfPage\":{\"@id\":\"https:\\\/\\\/zymtcnc.com\\\/product\\\/laser-cutting-tube-cutter\\\/#primaryimage\"},\"image\":{\"@id\":\"https:\\\/\\\/zymtcnc.com\\\/product\\\/laser-cutting-tube-cutter\\\/#primaryimage\"},\"thumbnailUrl\":\"https:\\\/\\\/zymtcnc.com\\\/wp-content\\\/uploads\\\/2024\\\/02\\\/DJI_0091\u65b0logo.png\",\"datePublished\":\"2024-02-05T02:41:56+00:00\",\"dateModified\":\"2025-04-30T07:13:17+00:00\",\"inLanguage\":\"zh-Hans\",\"potentialAction\":[{\"@type\":\"ReadAction\",\"target\":[\"https:\\\/\\\/zymtcnc.com\\\/product\\\/laser-cutting-tube-cutter\\\/\"]}]},{\"@type\":\"ImageObject\",\"inLanguage\":\"zh-Hans\",\"@id\":\"https:\\\/\\\/zymtcnc.com\\\/product\\\/laser-cutting-tube-cutter\\\/#primaryimage\",\"url\":\"https:\\\/\\\/zymtcnc.com\\\/wp-content\\\/uploads\\\/2024\\\/02\\\/DJI_0091\u65b0logo.png\",\"contentUrl\":\"https:\\\/\\\/zymtcnc.com\\\/wp-content\\\/uploads\\\/2024\\\/02\\\/DJI_0091\u65b0logo.png\",\"width\":750,\"height\":540},{\"@type\":\"WebSite\",\"@id\":\"https:\\\/\\\/zymtcnc.com\\\/#website\",\"url\":\"https:\\\/\\\/zymtcnc.com\\\/\",\"name\":\"PREF\",\"description\":\"\",\"publisher\":{\"@id\":\"https:\\\/\\\/zymtcnc.com\\\/#\\\/schema\\\/person\\\/ef47adee4b6a3c5911ebb1e0a11c874b\"},\"potentialAction\":[{\"@type\":\"SearchAction\",\"target\":{\"@type\":\"EntryPoint\",\"urlTemplate\":\"https:\\\/\\\/zymtcnc.com\\\/?s={search_term_string}\"},\"query-input\":{\"@type\":\"PropertyValueSpecification\",\"valueRequired\":true,\"valueName\":\"search_term_string\"}}],\"inLanguage\":\"zh-Hans\"},{\"@type\":[\"Person\",\"Organization\"],\"@id\":\"https:\\\/\\\/zymtcnc.com\\\/#\\\/schema\\\/person\\\/ef47adee4b6a3c5911ebb1e0a11c874b\",\"name\":\"Pref\",\"image\":{\"@type\":\"ImageObject\",\"inLanguage\":\"zh-Hans\",\"@id\":\"https:\\\/\\\/zymtcnc.com\\\/wp-content\\\/uploads\\\/2025\\\/09\\\/\u5934\u50cf.png\",\"url\":\"https:\\\/\\\/zymtcnc.com\\\/wp-content\\\/uploads\\\/2025\\\/09\\\/\u5934\u50cf.png\",\"contentUrl\":\"https:\\\/\\\/zymtcnc.com\\\/wp-content\\\/uploads\\\/2025\\\/09\\\/\u5934\u50cf.png\",\"width\":1400,\"height\":1400,\"caption\":\"Pref\"},\"logo\":{\"@id\":\"https:\\\/\\\/zymtcnc.com\\\/wp-content\\\/uploads\\\/2025\\\/09\\\/\u5934\u50cf.png\"}}]}<\/script>\n<!-- \/ Yoast SEO plugin. -->","yoast_head_json":{"title":"Laser Cutting  Tube Cutter - PREF","robots":{"index":"index","follow":"follow","max-snippet":"max-snippet:-1","max-image-preview":"max-image-preview:large","max-video-preview":"max-video-preview:-1"},"canonical":"https:\/\/zymtcnc.com\/fr\/product\/laser-cutting-tube-cutter\/","og_locale":"zh_CN","og_type":"article","og_title":"Laser Cutting  Tube Cutter - PREF","og_description":"D\u00e9coupe Laser Sp\u00e9cialis\u00e9e pour divers tubes et mat\u00e9riaux de profil Conception innovante pour une coupe de tubes de haute qualit\u00e9. La machine adopte une structure de soudage de haute pr\u00e9cision, combin\u00e9e \u00e0 une technologie laser avanc\u00e9e.","og_url":"https:\/\/zymtcnc.com\/product\/laser-cutting-tube-cutter\/","og_site_name":"PREF","article_modified_time":"2025-04-30T07:13:17+00:00","og_image":[{"width":750,"height":540,"url":"https:\/\/zymtcnc.com\/wp-content\/uploads\/2024\/02\/DJI_0091\u65b0logo.png","type":"image\/png"}],"twitter_card":"summary_large_image","twitter_misc":{"\u9884\u8ba1\u9605\u8bfb\u65f6\u95f4":"1 \u5206"},"schema":{"@context":"https:\/\/schema.org","@graph":[{"@type":"WebPage","@id":"https:\/\/zymtcnc.com\/product\/laser-cutting-tube-cutter\/","url":"https:\/\/zymtcnc.com\/product\/laser-cutting-tube-cutter\/","name":"Laser Cutting Tube Cutter - PREF","isPartOf":{"@id":"https:\/\/zymtcnc.com\/#website"},"primaryImageOfPage":{"@id":"https:\/\/zymtcnc.com\/product\/laser-cutting-tube-cutter\/#primaryimage"},"image":{"@id":"https:\/\/zymtcnc.com\/product\/laser-cutting-tube-cutter\/#primaryimage"},"thumbnailUrl":"https:\/\/zymtcnc.com\/wp-content\/uploads\/2024\/02\/DJI_0091\u65b0logo.png","datePublished":"2024-02-05T02:41:56+00:00","dateModified":"2025-04-30T07:13:17+00:00","inLanguage":"zh-Hans","potentialAction":[{"@type":"ReadAction","target":["https:\/\/zymtcnc.com\/product\/laser-cutting-tube-cutter\/"]}]},{"@type":"ImageObject","inLanguage":"zh-Hans","@id":"https:\/\/zymtcnc.com\/product\/laser-cutting-tube-cutter\/#primaryimage","url":"https:\/\/zymtcnc.com\/wp-content\/uploads\/2024\/02\/DJI_0091\u65b0logo.png","contentUrl":"https:\/\/zymtcnc.com\/wp-content\/uploads\/2024\/02\/DJI_0091\u65b0logo.png","width":750,"height":540},{"@type":"WebSite","@id":"https:\/\/zymtcnc.com\/#website","url":"https:\/\/zymtcnc.com\/","name":"PREF","description":"","publisher":{"@id":"https:\/\/zymtcnc.com\/#\/schema\/person\/ef47adee4b6a3c5911ebb1e0a11c874b"},"potentialAction":[{"@type":"SearchAction","target":{"@type":"EntryPoint","urlTemplate":"https:\/\/zymtcnc.com\/?s={search_term_string}"},"query-input":{"@type":"PropertyValueSpecification","valueRequired":true,"valueName":"search_term_string"}}],"inLanguage":"zh-Hans"},{"@type":["Person","Organization"],"@id":"https:\/\/zymtcnc.com\/#\/schema\/person\/ef47adee4b6a3c5911ebb1e0a11c874b","name":"Pref","image":{"@type":"ImageObject","inLanguage":"zh-Hans","@id":"https:\/\/zymtcnc.com\/wp-content\/uploads\/2025\/09\/\u5934\u50cf.png","url":"https:\/\/zymtcnc.com\/wp-content\/uploads\/2025\/09\/\u5934\u50cf.png","contentUrl":"https:\/\/zymtcnc.com\/wp-content\/uploads\/2025\/09\/\u5934\u50cf.png","width":1400,"height":1400,"caption":"Pref"},"logo":{"@id":"https:\/\/zymtcnc.com\/wp-content\/uploads\/2025\/09\/\u5934\u50cf.png"}}]}},"_links":{"self":[{"href":"https:\/\/zymtcnc.com\/fr\/wp-json\/wp\/v2\/product\/169","targetHints":{"allow":["GET"]}}],"collection":[{"href":"https:\/\/zymtcnc.com\/fr\/wp-json\/wp\/v2\/product"}],"about":[{"href":"https:\/\/zymtcnc.com\/fr\/wp-json\/wp\/v2\/types\/product"}],"wp:featuredmedia":[{"embeddable":true,"href":"https:\/\/zymtcnc.com\/fr\/wp-json\/wp\/v2\/media\/8308"}],"wp:attachment":[{"href":"https:\/\/zymtcnc.com\/fr\/wp-json\/wp\/v2\/media?parent=169"}],"wp:term":[{"taxonomy":"productcat","embeddable":true,"href":"https:\/\/zymtcnc.com\/fr\/wp-json\/wp\/v2\/productcat?post=169"}],"curies":[{"name":"wp","href":"https:\/\/api.w.org\/{rel}","templated":true}]}}