{"id":119,"date":"2024-01-26T13:25:48","date_gmt":"2024-01-26T13:25:48","guid":{"rendered":"https:\/\/zymtcnc.com\/?post_type=product&#038;p=119"},"modified":"2025-04-30T07:25:10","modified_gmt":"2025-04-30T07:25:10","slug":"press-brake-nc","status":"publish","type":"product","link":"https:\/\/zymtcnc.com\/pt\/product\/press-brake-nc\/","title":{"rendered":"Pressione o freio <br>NC"},"content":{"rendered":"","protected":false},"excerpt":{"rendered":"Prensa dobradeira NC <br>\npara escolha de entrada b\u00e1sica\nUma m\u00e1quina econ\u00f4mica de n\u00edvel b\u00e1sico com pre\u00e7o baixo, mas alta qualidade. Ele pode ser usado de forma flex\u00edvel para completar v\u00e1rias formas de dobra.","protected":false},"featured_media":8313,"template":"","productcat":[5],"class_list":["post-119","product","type-product","status-publish","has-post-thumbnail","hentry","productcat-press-brakes"],"yoast_head":"<!-- This site is optimized with the Yoast SEO plugin v27.5 - https:\/\/yoast.com\/product\/yoast-seo-wordpress\/ -->\n<title>Press Brake NC - PREF<\/title>\n<meta name=\"robots\" content=\"index, follow, max-snippet:-1, max-image-preview:large, max-video-preview:-1\" \/>\n<link rel=\"canonical\" href=\"https:\/\/zymtcnc.com\/pt\/product\/press-brake-nc\/\" \/>\n<meta property=\"og:locale\" content=\"zh_CN\" \/>\n<meta property=\"og:type\" content=\"article\" \/>\n<meta property=\"og:title\" content=\"Press Brake NC - PREF\" \/>\n<meta property=\"og:description\" content=\"Prensa dobradeira NC para escolha de entrada b\u00e1sica Uma m\u00e1quina econ\u00f4mica de n\u00edvel b\u00e1sico com pre\u00e7o baixo, mas alta qualidade. Ele pode ser usado de forma flex\u00edvel para completar v\u00e1rias formas de dobra.\" \/>\n<meta property=\"og:url\" content=\"https:\/\/zymtcnc.com\/product\/press-brake-nc\/\" \/>\n<meta property=\"og:site_name\" content=\"PREF\" \/>\n<meta property=\"article:modified_time\" content=\"2025-04-30T07:25:10+00:00\" \/>\n<meta property=\"og:image\" content=\"https:\/\/zymtcnc.com\/wp-content\/uploads\/2024\/02\/160t4000E21\u65b0logo.png\" \/>\n\t<meta property=\"og:image:width\" content=\"750\" \/>\n\t<meta property=\"og:image:height\" content=\"540\" \/>\n\t<meta property=\"og:image:type\" content=\"image\/png\" \/>\n<meta name=\"twitter:card\" content=\"summary_large_image\" \/>\n<meta name=\"twitter:label1\" content=\"\u9884\u8ba1\u9605\u8bfb\u65f6\u95f4\" \/>\n\t<meta name=\"twitter:data1\" content=\"1 \u5206\" \/>\n<script type=\"application\/ld+json\" class=\"yoast-schema-graph\">{\"@context\":\"https:\\\/\\\/schema.org\",\"@graph\":[{\"@type\":\"WebPage\",\"@id\":\"https:\\\/\\\/zymtcnc.com\\\/product\\\/press-brake-nc\\\/\",\"url\":\"https:\\\/\\\/zymtcnc.com\\\/product\\\/press-brake-nc\\\/\",\"name\":\"Press Brake NC - PREF\",\"isPartOf\":{\"@id\":\"https:\\\/\\\/zymtcnc.com\\\/#website\"},\"primaryImageOfPage\":{\"@id\":\"https:\\\/\\\/zymtcnc.com\\\/product\\\/press-brake-nc\\\/#primaryimage\"},\"image\":{\"@id\":\"https:\\\/\\\/zymtcnc.com\\\/product\\\/press-brake-nc\\\/#primaryimage\"},\"thumbnailUrl\":\"https:\\\/\\\/zymtcnc.com\\\/wp-content\\\/uploads\\\/2024\\\/02\\\/160t4000E21\u65b0logo.png\",\"datePublished\":\"2024-01-26T13:25:48+00:00\",\"dateModified\":\"2025-04-30T07:25:10+00:00\",\"inLanguage\":\"zh-Hans\",\"potentialAction\":[{\"@type\":\"ReadAction\",\"target\":[\"https:\\\/\\\/zymtcnc.com\\\/product\\\/press-brake-nc\\\/\"]}]},{\"@type\":\"ImageObject\",\"inLanguage\":\"zh-Hans\",\"@id\":\"https:\\\/\\\/zymtcnc.com\\\/product\\\/press-brake-nc\\\/#primaryimage\",\"url\":\"https:\\\/\\\/zymtcnc.com\\\/wp-content\\\/uploads\\\/2024\\\/02\\\/160t4000E21\u65b0logo.png\",\"contentUrl\":\"https:\\\/\\\/zymtcnc.com\\\/wp-content\\\/uploads\\\/2024\\\/02\\\/160t4000E21\u65b0logo.png\",\"width\":750,\"height\":540},{\"@type\":\"WebSite\",\"@id\":\"https:\\\/\\\/zymtcnc.com\\\/#website\",\"url\":\"https:\\\/\\\/zymtcnc.com\\\/\",\"name\":\"PREF\",\"description\":\"\",\"publisher\":{\"@id\":\"https:\\\/\\\/zymtcnc.com\\\/#\\\/schema\\\/person\\\/ef47adee4b6a3c5911ebb1e0a11c874b\"},\"potentialAction\":[{\"@type\":\"SearchAction\",\"target\":{\"@type\":\"EntryPoint\",\"urlTemplate\":\"https:\\\/\\\/zymtcnc.com\\\/?s={search_term_string}\"},\"query-input\":{\"@type\":\"PropertyValueSpecification\",\"valueRequired\":true,\"valueName\":\"search_term_string\"}}],\"inLanguage\":\"zh-Hans\"},{\"@type\":[\"Person\",\"Organization\"],\"@id\":\"https:\\\/\\\/zymtcnc.com\\\/#\\\/schema\\\/person\\\/ef47adee4b6a3c5911ebb1e0a11c874b\",\"name\":\"Pref\",\"image\":{\"@type\":\"ImageObject\",\"inLanguage\":\"zh-Hans\",\"@id\":\"https:\\\/\\\/zymtcnc.com\\\/wp-content\\\/uploads\\\/2025\\\/09\\\/\u5934\u50cf.png\",\"url\":\"https:\\\/\\\/zymtcnc.com\\\/wp-content\\\/uploads\\\/2025\\\/09\\\/\u5934\u50cf.png\",\"contentUrl\":\"https:\\\/\\\/zymtcnc.com\\\/wp-content\\\/uploads\\\/2025\\\/09\\\/\u5934\u50cf.png\",\"width\":1400,\"height\":1400,\"caption\":\"Pref\"},\"logo\":{\"@id\":\"https:\\\/\\\/zymtcnc.com\\\/wp-content\\\/uploads\\\/2025\\\/09\\\/\u5934\u50cf.png\"}}]}<\/script>\n<!-- \/ Yoast SEO plugin. -->","yoast_head_json":{"title":"Press Brake NC - PREF","robots":{"index":"index","follow":"follow","max-snippet":"max-snippet:-1","max-image-preview":"max-image-preview:large","max-video-preview":"max-video-preview:-1"},"canonical":"https:\/\/zymtcnc.com\/pt\/product\/press-brake-nc\/","og_locale":"zh_CN","og_type":"article","og_title":"Press Brake NC - PREF","og_description":"Prensa dobradeira NC para escolha de entrada b\u00e1sica Uma m\u00e1quina econ\u00f4mica de n\u00edvel b\u00e1sico com pre\u00e7o baixo, mas alta qualidade. Ele pode ser usado de forma flex\u00edvel para completar v\u00e1rias formas de dobra.","og_url":"https:\/\/zymtcnc.com\/product\/press-brake-nc\/","og_site_name":"PREF","article_modified_time":"2025-04-30T07:25:10+00:00","og_image":[{"width":750,"height":540,"url":"https:\/\/zymtcnc.com\/wp-content\/uploads\/2024\/02\/160t4000E21\u65b0logo.png","type":"image\/png"}],"twitter_card":"summary_large_image","twitter_misc":{"\u9884\u8ba1\u9605\u8bfb\u65f6\u95f4":"1 \u5206"},"schema":{"@context":"https:\/\/schema.org","@graph":[{"@type":"WebPage","@id":"https:\/\/zymtcnc.com\/product\/press-brake-nc\/","url":"https:\/\/zymtcnc.com\/product\/press-brake-nc\/","name":"Press Brake NC - PREF","isPartOf":{"@id":"https:\/\/zymtcnc.com\/#website"},"primaryImageOfPage":{"@id":"https:\/\/zymtcnc.com\/product\/press-brake-nc\/#primaryimage"},"image":{"@id":"https:\/\/zymtcnc.com\/product\/press-brake-nc\/#primaryimage"},"thumbnailUrl":"https:\/\/zymtcnc.com\/wp-content\/uploads\/2024\/02\/160t4000E21\u65b0logo.png","datePublished":"2024-01-26T13:25:48+00:00","dateModified":"2025-04-30T07:25:10+00:00","inLanguage":"zh-Hans","potentialAction":[{"@type":"ReadAction","target":["https:\/\/zymtcnc.com\/product\/press-brake-nc\/"]}]},{"@type":"ImageObject","inLanguage":"zh-Hans","@id":"https:\/\/zymtcnc.com\/product\/press-brake-nc\/#primaryimage","url":"https:\/\/zymtcnc.com\/wp-content\/uploads\/2024\/02\/160t4000E21\u65b0logo.png","contentUrl":"https:\/\/zymtcnc.com\/wp-content\/uploads\/2024\/02\/160t4000E21\u65b0logo.png","width":750,"height":540},{"@type":"WebSite","@id":"https:\/\/zymtcnc.com\/#website","url":"https:\/\/zymtcnc.com\/","name":"PREF","description":"","publisher":{"@id":"https:\/\/zymtcnc.com\/#\/schema\/person\/ef47adee4b6a3c5911ebb1e0a11c874b"},"potentialAction":[{"@type":"SearchAction","target":{"@type":"EntryPoint","urlTemplate":"https:\/\/zymtcnc.com\/?s={search_term_string}"},"query-input":{"@type":"PropertyValueSpecification","valueRequired":true,"valueName":"search_term_string"}}],"inLanguage":"zh-Hans"},{"@type":["Person","Organization"],"@id":"https:\/\/zymtcnc.com\/#\/schema\/person\/ef47adee4b6a3c5911ebb1e0a11c874b","name":"Pref","image":{"@type":"ImageObject","inLanguage":"zh-Hans","@id":"https:\/\/zymtcnc.com\/wp-content\/uploads\/2025\/09\/\u5934\u50cf.png","url":"https:\/\/zymtcnc.com\/wp-content\/uploads\/2025\/09\/\u5934\u50cf.png","contentUrl":"https:\/\/zymtcnc.com\/wp-content\/uploads\/2025\/09\/\u5934\u50cf.png","width":1400,"height":1400,"caption":"Pref"},"logo":{"@id":"https:\/\/zymtcnc.com\/wp-content\/uploads\/2025\/09\/\u5934\u50cf.png"}}]}},"_links":{"self":[{"href":"https:\/\/zymtcnc.com\/pt\/wp-json\/wp\/v2\/product\/119","targetHints":{"allow":["GET"]}}],"collection":[{"href":"https:\/\/zymtcnc.com\/pt\/wp-json\/wp\/v2\/product"}],"about":[{"href":"https:\/\/zymtcnc.com\/pt\/wp-json\/wp\/v2\/types\/product"}],"wp:featuredmedia":[{"embeddable":true,"href":"https:\/\/zymtcnc.com\/pt\/wp-json\/wp\/v2\/media\/8313"}],"wp:attachment":[{"href":"https:\/\/zymtcnc.com\/pt\/wp-json\/wp\/v2\/media?parent=119"}],"wp:term":[{"taxonomy":"productcat","embeddable":true,"href":"https:\/\/zymtcnc.com\/pt\/wp-json\/wp\/v2\/productcat?post=119"}],"curies":[{"name":"wp","href":"https:\/\/api.w.org\/{rel}","templated":true}]}}